{"id":41,"date":"2016-11-10T16:25:56","date_gmt":"2016-11-10T15:25:56","guid":{"rendered":"http:\/\/centre-equestre-lapommeraye.fr\/?page_id=41"},"modified":"2019-01-22T12:23:04","modified_gmt":"2019-01-22T11:23:04","slug":"nous-contacter","status":"publish","type":"page","link":"https:\/\/centre-equestre-lapommeraye.fr\/?page_id=41","title":{"rendered":"Nous contacter"},"content":{"rendered":"<p>Vous pouvez nous contacter par t\u00e9l\u00e9phone au <strong>06 63 46 23 59<br \/>\n<\/strong>ou au <strong>02 41 77 73 31<\/strong>.<\/p>\n<p>par mail \u00e0 cette adresse : <a href=\"mailto:cepommeraye@orange.fr\" target=\"_blank\" rel=\"noopener\">cepommeraye@orange.fr<\/a><\/p>\n<p>ou vous pouvez remplir le formulaire ci-dessous :<\/p>\n<p>[contact-form to=&rsquo;cepommeraye@orange.fr&rsquo; subject=&rsquo;Demande contact Centre Equestre&rsquo;][contact-field label=&rsquo;Nom&rsquo; type=&rsquo;name&rsquo; required=&rsquo;1&rsquo;\/][contact-field label=&rsquo;T\u00e9l\u00e9phone&rsquo; type=&rsquo;text&rsquo;\/][contact-field label=&rsquo;E-mail&rsquo; type=&#8217;email&rsquo; required=&rsquo;1&rsquo;\/][contact-field label=&rsquo;Commentaire&rsquo; type=&rsquo;textarea&rsquo; required=&rsquo;1&rsquo;\/][\/contact-form]<\/p>\n<p><em>Conform\u00e9ment aux dispositions de l&rsquo;article 32 de la loi du 6 janvier 1978 modifi\u00e9e, l&rsquo;unique finalit\u00e9 de la collecte de donn\u00e9es de ce formulaire est de cr\u00e9er un e-mail. <\/em><br \/>\n<em> Vous disposez d&rsquo;un droit d&rsquo;acc\u00e8s et de rectification des donn\u00e9es vous concernant \u00e0 l&rsquo;adresse ci-dessous. Les donn\u00e9es collect\u00e9es dans ce formulaire ne feront l&rsquo;objet d&rsquo;aucune utilisation \u00e0 des fins commerciales.<\/em><\/p>\n<p>Cliquez ici pour voir les <a href=\"https:\/\/centre-equestre-lapommeraye.fr\/mentions-legales-2\/\">Mentions l\u00e9gales<\/a><\/p>\n<p>Centre \u00c9questre de La Pommeraye<br \/>\nAm\u00e9lie et C\u00e9dric LE SAOUT<br \/>\nLa V\u00e9tillerie<br \/>\n49620 LA POMMERAYE<\/p>\n\n<div class=\"google-maps-builder-wrap\">\n\n\t<div id=\"google-maps-builder-47\" class=\"google-maps-builder\"  data-map-id=\"47\" style=\"width:100%; height:60%\"><\/div>\n\n\t\n<\/div>\n\n","protected":false},"excerpt":{"rendered":"<div class=\"entry-summary\">\n<div class=\"entry-summary\">\nVous pouvez nous contacter par t\u00e9l\u00e9phone au 06 63 46 23 59&hellip;\n<\/div>\n<div class=\"link-more\"><a href=\"https:\/\/centre-equestre-lapommeraye.fr\/?page_id=41\" class=\"more-link\">Continue reading<span class=\"screen-reader-text\"> &ldquo;Nous contacter&rdquo;<\/span>&hellip;<\/a><\/div>\n<\/div>\n<div class=\"link-more\"><a href=\"https:\/\/centre-equestre-lapommeraye.fr\/?page_id=41\" class=\"more-link\">Continue reading<span class=\"screen-reader-text\"> &ldquo;Nous contacter&rdquo;<\/span>&hellip;<\/a><\/div>\n","protected":false},"author":1,"featured_media":0,"parent":0,"menu_order":10,"comment_status":"closed","ping_status":"closed","template":"","meta":{"_acf_changed":false,"footnotes":""},"class_list":["post-41","page","type-page","status-publish","hentry","entry"],"acf":[],"aioseo_notices":[],"_links":{"self":[{"href":"https:\/\/centre-equestre-lapommeraye.fr\/index.php?rest_route=\/wp\/v2\/pages\/41","targetHints":{"allow":["GET"]}}],"collection":[{"href":"https:\/\/centre-equestre-lapommeraye.fr\/index.php?rest_route=\/wp\/v2\/pages"}],"about":[{"href":"https:\/\/centre-equestre-lapommeraye.fr\/index.php?rest_route=\/wp\/v2\/types\/page"}],"author":[{"embeddable":true,"href":"https:\/\/centre-equestre-lapommeraye.fr\/index.php?rest_route=\/wp\/v2\/users\/1"}],"replies":[{"embeddable":true,"href":"https:\/\/centre-equestre-lapommeraye.fr\/index.php?rest_route=%2Fwp%2Fv2%2Fcomments&post=41"}],"version-history":[{"count":10,"href":"https:\/\/centre-equestre-lapommeraye.fr\/index.php?rest_route=\/wp\/v2\/pages\/41\/revisions"}],"predecessor-version":[{"id":2433,"href":"https:\/\/centre-equestre-lapommeraye.fr\/index.php?rest_route=\/wp\/v2\/pages\/41\/revisions\/2433"}],"wp:attachment":[{"href":"https:\/\/centre-equestre-lapommeraye.fr\/index.php?rest_route=%2Fwp%2Fv2%2Fmedia&parent=41"}],"curies":[{"name":"wp","href":"https:\/\/api.w.org\/{rel}","templated":true}]}}