{"id":62,"date":"2016-11-14T15:07:22","date_gmt":"2016-11-14T14:07:22","guid":{"rendered":"http:\/\/centre-equestre-lapommeraye.fr\/?page_id=62"},"modified":"2021-04-19T13:54:41","modified_gmt":"2021-04-19T11:54:41","slug":"asso-equipom","status":"publish","type":"page","link":"https:\/\/centre-equestre-lapommeraye.fr\/?page_id=62","title":{"rendered":"Asso Equi&rsquo;Pom"},"content":{"rendered":"<p style=\"text-align: justify;\">Equi\u2019Pom est une jeune\u00a0association \u00e0 but non lucratif\u00a0qui rel\u00e8ve de la loi du\u00a01<sup>er<\/sup>\u00a0juillet\u00a01901. Elle a \u00e9t\u00e9 cr\u00e9\u00e9e en 2015, et a pour objectif d\u2019organiser et de g\u00e9rer des \u00e9v\u00e8nements \u00e9questres tels que des concours de CSO, Dressage, ou encore spectacles \u00e9questre etc\u2026<\/p>\n<p style=\"text-align: justify;\"><span style=\"font-family: Ubuntu;\">Elle compte actuellement une soixantaine de b\u00e9n\u00e9voles, mais dans l\u2019envie et la volont\u00e9 de toujours am\u00e9liorer ses actions par de nouvelles id\u00e9es et de nouveaux regards, elle est ouverte \u00e0 toutes et \u00e0 tous, pratiquant ou non l\u2019\u00e9quitation.<\/span><\/p>\n<p style=\"text-align: justify;\">Pour nous rejoindre, nous vous invitons \u00e0 prendre contact avec nous dans la rubrique <a href=\"http:\/\/centre-equestre-lapommeraye.fr\/nous-contacter\/\">Contact.<\/a><\/p>\n<p><img loading=\"lazy\" decoding=\"async\" class=\"size-full wp-image-728 aligncenter\" src=\"http:\/\/centre-equestre-lapommeraye.fr\/wp-content\/uploads\/2016\/11\/Logo-equi-pom-web-2.png\" alt=\"\" width=\"500\" height=\"258\" srcset=\"https:\/\/centre-equestre-lapommeraye.fr\/wp-content\/uploads\/2016\/11\/Logo-equi-pom-web-2.png 500w, https:\/\/centre-equestre-lapommeraye.fr\/wp-content\/uploads\/2016\/11\/Logo-equi-pom-web-2-24x12.png 24w, https:\/\/centre-equestre-lapommeraye.fr\/wp-content\/uploads\/2016\/11\/Logo-equi-pom-web-2-36x19.png 36w, https:\/\/centre-equestre-lapommeraye.fr\/wp-content\/uploads\/2016\/11\/Logo-equi-pom-web-2-48x25.png 48w\" sizes=\"auto, (max-width: 500px) 100vw, 500px\" \/><\/p>\n","protected":false},"excerpt":{"rendered":"<div class=\"entry-summary\">\n<div class=\"entry-summary\">\nEqui\u2019Pom est une jeune\u00a0association \u00e0 but non lucratif\u00a0qui rel\u00e8ve de la loi&hellip;\n<\/div>\n<div class=\"link-more\"><a href=\"https:\/\/centre-equestre-lapommeraye.fr\/?page_id=62\" class=\"more-link\">Continue reading<span class=\"screen-reader-text\"> &ldquo;Asso Equi&rsquo;Pom&rdquo;<\/span>&hellip;<\/a><\/div>\n<\/div>\n<div class=\"link-more\"><a href=\"https:\/\/centre-equestre-lapommeraye.fr\/?page_id=62\" class=\"more-link\">Continue reading<span class=\"screen-reader-text\"> &ldquo;Asso Equi&rsquo;Pom&rdquo;<\/span>&hellip;<\/a><\/div>\n","protected":false},"author":1,"featured_media":0,"parent":8,"menu_order":4,"comment_status":"closed","ping_status":"closed","template":"","meta":{"_acf_changed":false,"footnotes":""},"class_list":["post-62","page","type-page","status-publish","hentry","entry"],"acf":[],"aioseo_notices":[],"_links":{"self":[{"href":"https:\/\/centre-equestre-lapommeraye.fr\/index.php?rest_route=\/wp\/v2\/pages\/62","targetHints":{"allow":["GET"]}}],"collection":[{"href":"https:\/\/centre-equestre-lapommeraye.fr\/index.php?rest_route=\/wp\/v2\/pages"}],"about":[{"href":"https:\/\/centre-equestre-lapommeraye.fr\/index.php?rest_route=\/wp\/v2\/types\/page"}],"author":[{"embeddable":true,"href":"https:\/\/centre-equestre-lapommeraye.fr\/index.php?rest_route=\/wp\/v2\/users\/1"}],"replies":[{"embeddable":true,"href":"https:\/\/centre-equestre-lapommeraye.fr\/index.php?rest_route=%2Fwp%2Fv2%2Fcomments&post=62"}],"version-history":[{"count":14,"href":"https:\/\/centre-equestre-lapommeraye.fr\/index.php?rest_route=\/wp\/v2\/pages\/62\/revisions"}],"predecessor-version":[{"id":730,"href":"https:\/\/centre-equestre-lapommeraye.fr\/index.php?rest_route=\/wp\/v2\/pages\/62\/revisions\/730"}],"up":[{"embeddable":true,"href":"https:\/\/centre-equestre-lapommeraye.fr\/index.php?rest_route=\/wp\/v2\/pages\/8"}],"wp:attachment":[{"href":"https:\/\/centre-equestre-lapommeraye.fr\/index.php?rest_route=%2Fwp%2Fv2%2Fmedia&parent=62"}],"curies":[{"name":"wp","href":"https:\/\/api.w.org\/{rel}","templated":true}]}}